{"id":807,"date":"2023-11-03T15:29:29","date_gmt":"2023-11-03T14:29:29","guid":{"rendered":"https:\/\/galeriesalvador.com\/?post_type=product&#038;p=807"},"modified":"2024-03-21T11:38:33","modified_gmt":"2024-03-21T10:38:33","slug":"partone-party-cats-2018","status":"publish","type":"product","link":"https:\/\/galeriesalvador.com\/fr\/produit\/partone-party-cats-2018\/","title":{"rendered":"PARTONE &#8211; &#8220;TDS PARTy Cats&#8221; 2018"},"content":{"rendered":"","protected":false},"excerpt":{"rendered":"<p>Technique Mixte sur v\u00e9ritable plan M\u00e9tro de New-York &#8220;MTA NYC Subway&#8221; (Acrylique, bombe a\u00e9rosol, feutre&#8230;)<\/p>\n<p>2018 &#8211; Sign\u00e9 dans l&#8217;Oeuvre<br \/>\n82,6 x 58,4 cm environ (non encadr\u00e9) &#8211; Oeuvre Unique<\/p>\n<p>Livraison en tube (roul\u00e9) ou \u00e0 plat (plan repli\u00e9).<\/p>","protected":false},"featured_media":808,"template":"","meta":[],"product_brand":[],"product_cat":[121,96,70,73,74,75,77],"product_tag":[],"class_list":{"0":"post-807","1":"product","2":"type-product","3":"status-publish","4":"has-post-thumbnail","6":"product_cat-cats-co","7":"product_cat-partone","8":"product_cat-artists","9":"product_cat-artworks","10":"product_cat-contemporary-art","11":"product_cat-graffiti","12":"product_cat-urban","14":"first","15":"instock","16":"sold-individually","17":"taxable","18":"shipping-taxable","19":"purchasable","20":"product-type-simple"},"_links":{"self":[{"href":"https:\/\/galeriesalvador.com\/fr\/wp-json\/wp\/v2\/product\/807","targetHints":{"allow":["GET"]}}],"collection":[{"href":"https:\/\/galeriesalvador.com\/fr\/wp-json\/wp\/v2\/product"}],"about":[{"href":"https:\/\/galeriesalvador.com\/fr\/wp-json\/wp\/v2\/types\/product"}],"wp:featuredmedia":[{"embeddable":true,"href":"https:\/\/galeriesalvador.com\/fr\/wp-json\/wp\/v2\/media\/808"}],"wp:attachment":[{"href":"https:\/\/galeriesalvador.com\/fr\/wp-json\/wp\/v2\/media?parent=807"}],"wp:term":[{"taxonomy":"product_brand","embeddable":true,"href":"https:\/\/galeriesalvador.com\/fr\/wp-json\/wp\/v2\/product_brand?post=807"},{"taxonomy":"product_cat","embeddable":true,"href":"https:\/\/galeriesalvador.com\/fr\/wp-json\/wp\/v2\/product_cat?post=807"},{"taxonomy":"product_tag","embeddable":true,"href":"https:\/\/galeriesalvador.com\/fr\/wp-json\/wp\/v2\/product_tag?post=807"}],"curies":[{"name":"wp","href":"https:\/\/api.w.org\/{rel}","templated":true}]}}