{"id":818,"date":"2023-11-03T15:51:20","date_gmt":"2023-11-03T14:51:20","guid":{"rendered":"https:\/\/galeriesalvador.com\/?post_type=product&#038;p=818"},"modified":"2024-03-21T11:34:01","modified_gmt":"2024-03-21T10:34:01","slug":"c215-space-cat","status":"publish","type":"product","link":"https:\/\/galeriesalvador.com\/fr\/produit\/c215-space-cat\/","title":{"rendered":"C215 &#8211; \u201cSpace Cat&#8221;"},"content":{"rendered":"","protected":false},"excerpt":{"rendered":"<p>Technique mixte sur \u00e9paisse palissade de bois<br \/>\n70 x 54 cm environ &#8211; Oeuvre Unique<br \/>\n2018 &#8211; Sign\u00e9 en bas \u00e0 droite &#8220;Tampon C215&#8221; (+ sign\u00e9 \/ dat\u00e9 dos au feutre noir)<\/p>\n<p>Photos compl\u00e9mentaires sur demande.<\/p>\n<a class=\"button primary is-primary is-medium\"  >\n\t\t<span>Tarif sur demande<\/span>\n\t<\/a>","protected":false},"featured_media":819,"template":"","meta":[],"product_brand":[],"product_cat":[125,121,70,73,74,75,77],"product_tag":[],"class_list":{"0":"post-818","1":"product","2":"type-product","3":"status-publish","4":"has-post-thumbnail","6":"product_cat-c215","7":"product_cat-cats-co","8":"product_cat-artists","9":"product_cat-artworks","10":"product_cat-contemporary-art","11":"product_cat-graffiti","12":"product_cat-urban","14":"first","15":"instock","16":"sold-individually","17":"taxable","18":"shipping-taxable","19":"product-type-simple"},"_links":{"self":[{"href":"https:\/\/galeriesalvador.com\/fr\/wp-json\/wp\/v2\/product\/818","targetHints":{"allow":["GET"]}}],"collection":[{"href":"https:\/\/galeriesalvador.com\/fr\/wp-json\/wp\/v2\/product"}],"about":[{"href":"https:\/\/galeriesalvador.com\/fr\/wp-json\/wp\/v2\/types\/product"}],"wp:featuredmedia":[{"embeddable":true,"href":"https:\/\/galeriesalvador.com\/fr\/wp-json\/wp\/v2\/media\/819"}],"wp:attachment":[{"href":"https:\/\/galeriesalvador.com\/fr\/wp-json\/wp\/v2\/media?parent=818"}],"wp:term":[{"taxonomy":"product_brand","embeddable":true,"href":"https:\/\/galeriesalvador.com\/fr\/wp-json\/wp\/v2\/product_brand?post=818"},{"taxonomy":"product_cat","embeddable":true,"href":"https:\/\/galeriesalvador.com\/fr\/wp-json\/wp\/v2\/product_cat?post=818"},{"taxonomy":"product_tag","embeddable":true,"href":"https:\/\/galeriesalvador.com\/fr\/wp-json\/wp\/v2\/product_tag?post=818"}],"curies":[{"name":"wp","href":"https:\/\/api.w.org\/{rel}","templated":true}]}}