{"id":826,"date":"2023-11-03T16:29:14","date_gmt":"2023-11-03T15:29:14","guid":{"rendered":"https:\/\/galeriesalvador.com\/?post_type=product&#038;p=826"},"modified":"2026-04-22T17:23:03","modified_gmt":"2026-04-22T15:23:03","slug":"salvador-dali-lelephant-aux-pattes-de-cigogne-elephant-stork","status":"publish","type":"product","link":"https:\/\/galeriesalvador.com\/fr\/produit\/salvador-dali-lelephant-aux-pattes-de-cigogne-elephant-stork\/","title":{"rendered":"Salvador DALI &#8211; &#8220;L\u2019El\u00e9phant aux Pattes de Cigogne&#8221; (Elephant Stork)"},"content":{"rendered":"","protected":false},"excerpt":{"rendered":"<p>Lithographie couleurs sur papier d\u2019Arches &#8211; Oeuvre issue de \u201cLa Jungle Humaine\u201d<br \/>\nR\u00e9f\u00e9rences : Field p. 179 (76-2 F [V]) &#8211; Michler-L\u00f6psinger Tome II p. 159<br \/>\n47 x 65 cm &#8211; Tirage Limit\u00e9 num\u00e9rot\u00e9 (E.A. &#8211; 50 exemplaires)<br \/>\n1976 &#8211; Sign\u00e9 main en bas \u00e0 droite par Salvador DALI &#8211; Num\u00e9rot\u00e9 \u201cE.A.\u201d (bas gauche)<\/p>\n<p>Photos et informations compl\u00e9mentaires sur demande.<\/p>\n<a href=\"mailto:contact@galeriesalvador.com?subject=Price%20Inquiry%20DALI%20Elephant\" class=\"button primary is-primary is-medium\"  >\n\t\t<span>Tarif sur demande<\/span>\n\t<\/a>","protected":false},"featured_media":827,"template":"","meta":[],"product_brand":[],"product_cat":[126,84,155,70,73,74,46],"product_tag":[],"class_list":{"0":"post-826","1":"product","2":"type-product","3":"status-publish","4":"has-post-thumbnail","6":"product_cat-dali","7":"product_cat-new-arrivals","8":"product_cat-dali-current-show","9":"product_cat-artists","10":"product_cat-artworks","11":"product_cat-contemporary-art","12":"product_cat-current-show","14":"first","15":"instock","16":"sold-individually","17":"taxable","18":"shipping-taxable","19":"product-type-simple"},"_links":{"self":[{"href":"https:\/\/galeriesalvador.com\/fr\/wp-json\/wp\/v2\/product\/826","targetHints":{"allow":["GET"]}}],"collection":[{"href":"https:\/\/galeriesalvador.com\/fr\/wp-json\/wp\/v2\/product"}],"about":[{"href":"https:\/\/galeriesalvador.com\/fr\/wp-json\/wp\/v2\/types\/product"}],"wp:featuredmedia":[{"embeddable":true,"href":"https:\/\/galeriesalvador.com\/fr\/wp-json\/wp\/v2\/media\/827"}],"wp:attachment":[{"href":"https:\/\/galeriesalvador.com\/fr\/wp-json\/wp\/v2\/media?parent=826"}],"wp:term":[{"taxonomy":"product_brand","embeddable":true,"href":"https:\/\/galeriesalvador.com\/fr\/wp-json\/wp\/v2\/product_brand?post=826"},{"taxonomy":"product_cat","embeddable":true,"href":"https:\/\/galeriesalvador.com\/fr\/wp-json\/wp\/v2\/product_cat?post=826"},{"taxonomy":"product_tag","embeddable":true,"href":"https:\/\/galeriesalvador.com\/fr\/wp-json\/wp\/v2\/product_tag?post=826"}],"curies":[{"name":"wp","href":"https:\/\/api.w.org\/{rel}","templated":true}]}}