{"id":829,"date":"2023-11-03T16:40:16","date_gmt":"2023-11-03T15:40:16","guid":{"rendered":"https:\/\/galeriesalvador.com\/?post_type=product&#038;p=829"},"modified":"2024-03-21T11:31:38","modified_gmt":"2024-03-21T10:31:38","slug":"philippe-geluck-sans-titre-le-chien-en-3-fois","status":"publish","type":"product","link":"https:\/\/galeriesalvador.com\/fr\/produit\/philippe-geluck-sans-titre-le-chien-en-3-fois\/","title":{"rendered":"Philippe GELUCK &#8211; Sans Titre (&#8220;Le Chien en 3 fois&#8221;)"},"content":{"rendered":"","protected":false},"excerpt":{"rendered":"<p>3x Lithographie couleurs sur papier &#8211; \u201cAgence 154\u201d pour T\u00e9l\u00e9 Z<br \/>\n120 x 30 cm le Triptyque (40 x 30 cm chaque) &#8211; Tirage Limit\u00e9 Num\u00e9rot\u00e9 \/100<br \/>\nSign\u00e9 (sur la 3e Oeuvre) \/ Num\u00e9rot\u00e9 (chaque : \/100-A \/100-B \/100-C)<br \/>\n2500 \u20ac le Triptyque (sans encadrement &#8211; Livr\u00e9 en tube \u0153uvres enroul\u00e9es ou \u00e0 plat)<\/p>","protected":false},"featured_media":830,"template":"","meta":[],"product_brand":[],"product_cat":[121,127,70,73,74,80],"product_tag":[],"class_list":{"0":"post-829","1":"product","2":"type-product","3":"status-publish","4":"has-post-thumbnail","6":"product_cat-cats-co","7":"product_cat-geluck","8":"product_cat-artists","9":"product_cat-artworks","10":"product_cat-contemporary-art","11":"product_cat-pop-art","13":"first","14":"instock","15":"sold-individually","16":"taxable","17":"shipping-taxable","18":"purchasable","19":"product-type-simple"},"_links":{"self":[{"href":"https:\/\/galeriesalvador.com\/fr\/wp-json\/wp\/v2\/product\/829","targetHints":{"allow":["GET"]}}],"collection":[{"href":"https:\/\/galeriesalvador.com\/fr\/wp-json\/wp\/v2\/product"}],"about":[{"href":"https:\/\/galeriesalvador.com\/fr\/wp-json\/wp\/v2\/types\/product"}],"wp:featuredmedia":[{"embeddable":true,"href":"https:\/\/galeriesalvador.com\/fr\/wp-json\/wp\/v2\/media\/830"}],"wp:attachment":[{"href":"https:\/\/galeriesalvador.com\/fr\/wp-json\/wp\/v2\/media?parent=829"}],"wp:term":[{"taxonomy":"product_brand","embeddable":true,"href":"https:\/\/galeriesalvador.com\/fr\/wp-json\/wp\/v2\/product_brand?post=829"},{"taxonomy":"product_cat","embeddable":true,"href":"https:\/\/galeriesalvador.com\/fr\/wp-json\/wp\/v2\/product_cat?post=829"},{"taxonomy":"product_tag","embeddable":true,"href":"https:\/\/galeriesalvador.com\/fr\/wp-json\/wp\/v2\/product_tag?post=829"}],"curies":[{"name":"wp","href":"https:\/\/api.w.org\/{rel}","templated":true}]}}