{"id":833,"date":"2023-11-03T16:48:28","date_gmt":"2023-11-03T15:48:28","guid":{"rendered":"https:\/\/galeriesalvador.com\/?post_type=product&#038;p=833"},"modified":"2024-03-21T11:29:56","modified_gmt":"2024-03-21T10:29:56","slug":"c215-charly-caramel-variant","status":"publish","type":"product","link":"https:\/\/galeriesalvador.com\/fr\/produit\/c215-charly-caramel-variant\/","title":{"rendered":"C215 &#8211; &#8220;Charly&#8221; (Caramel variant)"},"content":{"rendered":"","protected":false},"excerpt":{"rendered":"<p>S\u00e9rigraphie 3 couleurs sur papier<br \/>\n70 x 50 cm &#8211; Tirage limit\u00e9 num\u00e9rot\u00e9 \/25 exemplaires<br \/>\n2016 &#8211; Sign\u00e9 \/ num\u00e9rot\u00e9 en bas \u00e0 droite + tampon \u201cC215\u201d<\/p>\n<p>Livr\u00e9 en tube (roul\u00e9).<\/p>","protected":false},"featured_media":834,"template":"","meta":[],"product_brand":[],"product_cat":[125,121,70,73,74,75,77],"product_tag":[],"class_list":{"0":"post-833","1":"product","2":"type-product","3":"status-publish","4":"has-post-thumbnail","6":"product_cat-c215","7":"product_cat-cats-co","8":"product_cat-artists","9":"product_cat-artworks","10":"product_cat-contemporary-art","11":"product_cat-graffiti","12":"product_cat-urban","14":"first","15":"instock","16":"sold-individually","17":"taxable","18":"shipping-taxable","19":"purchasable","20":"product-type-simple"},"_links":{"self":[{"href":"https:\/\/galeriesalvador.com\/fr\/wp-json\/wp\/v2\/product\/833","targetHints":{"allow":["GET"]}}],"collection":[{"href":"https:\/\/galeriesalvador.com\/fr\/wp-json\/wp\/v2\/product"}],"about":[{"href":"https:\/\/galeriesalvador.com\/fr\/wp-json\/wp\/v2\/types\/product"}],"wp:featuredmedia":[{"embeddable":true,"href":"https:\/\/galeriesalvador.com\/fr\/wp-json\/wp\/v2\/media\/834"}],"wp:attachment":[{"href":"https:\/\/galeriesalvador.com\/fr\/wp-json\/wp\/v2\/media?parent=833"}],"wp:term":[{"taxonomy":"product_brand","embeddable":true,"href":"https:\/\/galeriesalvador.com\/fr\/wp-json\/wp\/v2\/product_brand?post=833"},{"taxonomy":"product_cat","embeddable":true,"href":"https:\/\/galeriesalvador.com\/fr\/wp-json\/wp\/v2\/product_cat?post=833"},{"taxonomy":"product_tag","embeddable":true,"href":"https:\/\/galeriesalvador.com\/fr\/wp-json\/wp\/v2\/product_tag?post=833"}],"curies":[{"name":"wp","href":"https:\/\/api.w.org\/{rel}","templated":true}]}}