{"id":842,"date":"2023-11-04T11:42:57","date_gmt":"2023-11-04T10:42:57","guid":{"rendered":"https:\/\/galeriesalvador.com\/?post_type=product&#038;p=842"},"modified":"2024-03-21T11:25:11","modified_gmt":"2024-03-21T10:25:11","slug":"leonor-fini-la-grande-parade-des-chats-1-1973","status":"publish","type":"product","link":"https:\/\/galeriesalvador.com\/fr\/produit\/leonor-fini-la-grande-parade-des-chats-1-1973\/","title":{"rendered":"L\u00e9onor FINI &#8211; &#8220;La Grande Parade des Chats &#8211; #1&#8221; (1973)"},"content":{"rendered":"","protected":false},"excerpt":{"rendered":"<p>Lithographie en couleurs sur papier fort<br \/>\n32 x 23 cm &#8211; Oeuvre issue du livre \u201cLa Grande Parade des Chats\u201d<br \/>\n1973 &#8211; Sign\u00e9 main par l\u2019Artiste &#8211; N\u00b0 \/230<\/p>\n<p>Encadr\u00e9 (possibilit\u00e9 de d\u00e9cadrer l&#8217;Oeuvre pour envoi s\u00e9curis\u00e9 &#8220;\u00e0 plat&#8221;).<\/p>\n<p>Plus de 15 Oeuvres diff\u00e9rentes disponibles issues de &#8220;La Grande Parade des Chats&#8221;. Liste compl\u00e8te et photographies compl\u00e9mentaires sur demande.<\/p>","protected":false},"featured_media":843,"template":"","meta":[],"product_brand":[],"product_cat":[121,129,70,73,74],"product_tag":[],"class_list":{"0":"post-842","1":"product","2":"type-product","3":"status-publish","4":"has-post-thumbnail","6":"product_cat-cats-co","7":"product_cat-fini","8":"product_cat-artists","9":"product_cat-artworks","10":"product_cat-contemporary-art","12":"first","13":"instock","14":"sold-individually","15":"taxable","16":"shipping-taxable","17":"purchasable","18":"product-type-simple"},"_links":{"self":[{"href":"https:\/\/galeriesalvador.com\/fr\/wp-json\/wp\/v2\/product\/842","targetHints":{"allow":["GET"]}}],"collection":[{"href":"https:\/\/galeriesalvador.com\/fr\/wp-json\/wp\/v2\/product"}],"about":[{"href":"https:\/\/galeriesalvador.com\/fr\/wp-json\/wp\/v2\/types\/product"}],"wp:featuredmedia":[{"embeddable":true,"href":"https:\/\/galeriesalvador.com\/fr\/wp-json\/wp\/v2\/media\/843"}],"wp:attachment":[{"href":"https:\/\/galeriesalvador.com\/fr\/wp-json\/wp\/v2\/media?parent=842"}],"wp:term":[{"taxonomy":"product_brand","embeddable":true,"href":"https:\/\/galeriesalvador.com\/fr\/wp-json\/wp\/v2\/product_brand?post=842"},{"taxonomy":"product_cat","embeddable":true,"href":"https:\/\/galeriesalvador.com\/fr\/wp-json\/wp\/v2\/product_cat?post=842"},{"taxonomy":"product_tag","embeddable":true,"href":"https:\/\/galeriesalvador.com\/fr\/wp-json\/wp\/v2\/product_tag?post=842"}],"curies":[{"name":"wp","href":"https:\/\/api.w.org\/{rel}","templated":true}]}}