{"id":874,"date":"2024-03-21T12:51:12","date_gmt":"2024-03-21T11:51:12","guid":{"rendered":"https:\/\/galeriesalvador.com\/?post_type=product&#038;p=874"},"modified":"2024-06-18T13:11:17","modified_gmt":"2024-06-18T11:11:17","slug":"delta2-krylon-delta","status":"publish","type":"product","link":"https:\/\/galeriesalvador.com\/fr\/produit\/delta2-krylon-delta\/","title":{"rendered":"DELTA2 &#8211; &#8220;Krylon DELTA&#8221;"},"content":{"rendered":"","protected":false},"excerpt":{"rendered":"<p>Acrylique sur toile<\/p>\n<p>2020 &#8211; Sign\u00e9 dans l&#8217;Oeuvre + sign\u00e9 \/ dat\u00e9 dos<br \/>\n108 x 49 cm environ (encadr\u00e9 : 114 x 54 cm) &#8211; Oeuvre Unique<\/p>\n<p>Encadr\u00e9 &#8211; \u201cCaisse Am\u00e9ricaine\u201d noir mat<\/p>\n<p>Possibilit\u00e9 de retrait Galerie. N&#8217;h\u00e9sitez pas \u00e0 nous contacter concernant les modalit\u00e9s de livraisons.<\/p>","protected":false},"featured_media":877,"template":"","meta":[],"product_brand":[],"product_cat":[110,130,70,73,74,75,77,72],"product_tag":[],"class_list":{"0":"post-874","1":"product","2":"type-product","3":"status-publish","4":"has-post-thumbnail","6":"product_cat-delta2","7":"product_cat-nyc-legends","8":"product_cat-artists","9":"product_cat-artworks","10":"product_cat-contemporary-art","11":"product_cat-graffiti","12":"product_cat-urban","13":"product_cat-past-shows","15":"first","16":"instock","17":"sold-individually","18":"taxable","19":"shipping-taxable","20":"purchasable","21":"product-type-simple"},"_links":{"self":[{"href":"https:\/\/galeriesalvador.com\/fr\/wp-json\/wp\/v2\/product\/874","targetHints":{"allow":["GET"]}}],"collection":[{"href":"https:\/\/galeriesalvador.com\/fr\/wp-json\/wp\/v2\/product"}],"about":[{"href":"https:\/\/galeriesalvador.com\/fr\/wp-json\/wp\/v2\/types\/product"}],"wp:featuredmedia":[{"embeddable":true,"href":"https:\/\/galeriesalvador.com\/fr\/wp-json\/wp\/v2\/media\/877"}],"wp:attachment":[{"href":"https:\/\/galeriesalvador.com\/fr\/wp-json\/wp\/v2\/media?parent=874"}],"wp:term":[{"taxonomy":"product_brand","embeddable":true,"href":"https:\/\/galeriesalvador.com\/fr\/wp-json\/wp\/v2\/product_brand?post=874"},{"taxonomy":"product_cat","embeddable":true,"href":"https:\/\/galeriesalvador.com\/fr\/wp-json\/wp\/v2\/product_cat?post=874"},{"taxonomy":"product_tag","embeddable":true,"href":"https:\/\/galeriesalvador.com\/fr\/wp-json\/wp\/v2\/product_tag?post=874"}],"curies":[{"name":"wp","href":"https:\/\/api.w.org\/{rel}","templated":true}]}}