{"id":878,"date":"2024-03-21T12:58:39","date_gmt":"2024-03-21T11:58:39","guid":{"rendered":"https:\/\/galeriesalvador.com\/?post_type=product&#038;p=878"},"modified":"2024-06-18T13:10:52","modified_gmt":"2024-06-18T11:10:52","slug":"delta2-gothic-futuristic-d","status":"publish","type":"product","link":"https:\/\/galeriesalvador.com\/fr\/produit\/delta2-gothic-futuristic-d\/","title":{"rendered":"DELTA2 &#8211; &#8220;Gothic Futuristic D&#8221;"},"content":{"rendered":"","protected":false},"excerpt":{"rendered":"<p>Acrylique sur toile<\/p>\n<p>2020 &#8211; Sign\u00e9 dans l&#8217;Oeuvre + sign\u00e9 \/ dat\u00e9 dos<br \/>\n118 x 56 cm environ (encadr\u00e9 : 123 x 61 cm) &#8211; Oeuvre Unique<\/p>\n<p>Encadr\u00e9 &#8211; \u201cCaisse Am\u00e9ricaine\u201d noir mat<\/p>\n<p>Possibilit\u00e9 de retrait Galerie. N&#8217;h\u00e9sitez pas \u00e0 nous contacter concernant les modalit\u00e9s de livraisons.<\/p>","protected":false},"featured_media":879,"template":"","meta":[],"product_brand":[],"product_cat":[110,130,70,73,74,75,77,72],"product_tag":[],"class_list":{"0":"post-878","1":"product","2":"type-product","3":"status-publish","4":"has-post-thumbnail","6":"product_cat-delta2","7":"product_cat-nyc-legends","8":"product_cat-artists","9":"product_cat-artworks","10":"product_cat-contemporary-art","11":"product_cat-graffiti","12":"product_cat-urban","13":"product_cat-past-shows","15":"first","16":"instock","17":"sold-individually","18":"taxable","19":"shipping-taxable","20":"purchasable","21":"product-type-simple"},"_links":{"self":[{"href":"https:\/\/galeriesalvador.com\/fr\/wp-json\/wp\/v2\/product\/878","targetHints":{"allow":["GET"]}}],"collection":[{"href":"https:\/\/galeriesalvador.com\/fr\/wp-json\/wp\/v2\/product"}],"about":[{"href":"https:\/\/galeriesalvador.com\/fr\/wp-json\/wp\/v2\/types\/product"}],"wp:featuredmedia":[{"embeddable":true,"href":"https:\/\/galeriesalvador.com\/fr\/wp-json\/wp\/v2\/media\/879"}],"wp:attachment":[{"href":"https:\/\/galeriesalvador.com\/fr\/wp-json\/wp\/v2\/media?parent=878"}],"wp:term":[{"taxonomy":"product_brand","embeddable":true,"href":"https:\/\/galeriesalvador.com\/fr\/wp-json\/wp\/v2\/product_brand?post=878"},{"taxonomy":"product_cat","embeddable":true,"href":"https:\/\/galeriesalvador.com\/fr\/wp-json\/wp\/v2\/product_cat?post=878"},{"taxonomy":"product_tag","embeddable":true,"href":"https:\/\/galeriesalvador.com\/fr\/wp-json\/wp\/v2\/product_tag?post=878"}],"curies":[{"name":"wp","href":"https:\/\/api.w.org\/{rel}","templated":true}]}}