{"id":884,"date":"2024-03-21T13:07:48","date_gmt":"2024-03-21T12:07:48","guid":{"rendered":"https:\/\/galeriesalvador.com\/?post_type=product&#038;p=884"},"modified":"2024-06-18T13:09:29","modified_gmt":"2024-06-18T11:09:29","slug":"delta2-delta-gothic-futuristic-robot-sculpture","status":"publish","type":"product","link":"https:\/\/galeriesalvador.com\/fr\/produit\/delta2-delta-gothic-futuristic-robot-sculpture\/","title":{"rendered":"DELTA2 &#8211; &#8220;DELTA Gothic Futuristic ROBOT&#8221; (sculpture)"},"content":{"rendered":"","protected":false},"excerpt":{"rendered":"<p>Technique mixte sur sculpture de robot plastique (bruits et lumi\u00e8res electriques)<\/p>\n<p>2022 &#8211; Sign\u00e9 sur la sculpture<br \/>\n72 x 40 x 28 cm environ &#8211; Oeuvre Unique tr\u00e8s rare !<\/p>\n<p>Possibilit\u00e9 de retrait Galerie. N&#8217;h\u00e9sitez pas \u00e0 nous contacter concernant les modalit\u00e9s de livraisons.<\/p>","protected":false},"featured_media":885,"template":"","meta":[],"product_brand":[],"product_cat":[110,130,70,73,74,75,77,72],"product_tag":[],"class_list":{"0":"post-884","1":"product","2":"type-product","3":"status-publish","4":"has-post-thumbnail","6":"product_cat-delta2","7":"product_cat-nyc-legends","8":"product_cat-artists","9":"product_cat-artworks","10":"product_cat-contemporary-art","11":"product_cat-graffiti","12":"product_cat-urban","13":"product_cat-past-shows","15":"first","16":"instock","17":"sold-individually","18":"taxable","19":"shipping-taxable","20":"purchasable","21":"product-type-simple"},"_links":{"self":[{"href":"https:\/\/galeriesalvador.com\/fr\/wp-json\/wp\/v2\/product\/884","targetHints":{"allow":["GET"]}}],"collection":[{"href":"https:\/\/galeriesalvador.com\/fr\/wp-json\/wp\/v2\/product"}],"about":[{"href":"https:\/\/galeriesalvador.com\/fr\/wp-json\/wp\/v2\/types\/product"}],"wp:featuredmedia":[{"embeddable":true,"href":"https:\/\/galeriesalvador.com\/fr\/wp-json\/wp\/v2\/media\/885"}],"wp:attachment":[{"href":"https:\/\/galeriesalvador.com\/fr\/wp-json\/wp\/v2\/media?parent=884"}],"wp:term":[{"taxonomy":"product_brand","embeddable":true,"href":"https:\/\/galeriesalvador.com\/fr\/wp-json\/wp\/v2\/product_brand?post=884"},{"taxonomy":"product_cat","embeddable":true,"href":"https:\/\/galeriesalvador.com\/fr\/wp-json\/wp\/v2\/product_cat?post=884"},{"taxonomy":"product_tag","embeddable":true,"href":"https:\/\/galeriesalvador.com\/fr\/wp-json\/wp\/v2\/product_tag?post=884"}],"curies":[{"name":"wp","href":"https:\/\/api.w.org\/{rel}","templated":true}]}}