{"id":886,"date":"2024-03-21T13:12:43","date_gmt":"2024-03-21T12:12:43","guid":{"rendered":"https:\/\/galeriesalvador.com\/?post_type=product&#038;p=886"},"modified":"2024-06-18T13:08:43","modified_gmt":"2024-06-18T11:08:43","slug":"duster-dust-nyc-bridge-2019","status":"publish","type":"product","link":"https:\/\/galeriesalvador.com\/fr\/produit\/duster-dust-nyc-bridge-2019\/","title":{"rendered":"DUSTER &#8211; &#8220;DUST NYC Bridge&#8221; 2019"},"content":{"rendered":"","protected":false},"excerpt":{"rendered":"<p>Technique Mixte sur v\u00e9ritable plan M\u00e9tro de New-York &#8220;MTA NYC Subway&#8221; (Acrylique, bombe a\u00e9rosol, feutre&#8230;)<\/p>\n<p>2019 &#8211; Sign\u00e9 \/ dat\u00e9 en bas<br \/>\n82 x 58 cm environ (non encadr\u00e9) &#8211; Oeuvre Unique<\/p>\n<p>Livraison en tube (roul\u00e9) ou \u00e0 plat (plan repli\u00e9).<\/p>","protected":false},"featured_media":887,"template":"","meta":[],"product_brand":[],"product_cat":[103,130,70,73,74,75,77,72],"product_tag":[],"class_list":{"0":"post-886","1":"product","2":"type-product","3":"status-publish","4":"has-post-thumbnail","6":"product_cat-duster","7":"product_cat-nyc-legends","8":"product_cat-artists","9":"product_cat-artworks","10":"product_cat-contemporary-art","11":"product_cat-graffiti","12":"product_cat-urban","13":"product_cat-past-shows","15":"first","16":"instock","17":"sold-individually","18":"taxable","19":"shipping-taxable","20":"purchasable","21":"product-type-simple"},"_links":{"self":[{"href":"https:\/\/galeriesalvador.com\/fr\/wp-json\/wp\/v2\/product\/886","targetHints":{"allow":["GET"]}}],"collection":[{"href":"https:\/\/galeriesalvador.com\/fr\/wp-json\/wp\/v2\/product"}],"about":[{"href":"https:\/\/galeriesalvador.com\/fr\/wp-json\/wp\/v2\/types\/product"}],"wp:featuredmedia":[{"embeddable":true,"href":"https:\/\/galeriesalvador.com\/fr\/wp-json\/wp\/v2\/media\/887"}],"wp:attachment":[{"href":"https:\/\/galeriesalvador.com\/fr\/wp-json\/wp\/v2\/media?parent=886"}],"wp:term":[{"taxonomy":"product_brand","embeddable":true,"href":"https:\/\/galeriesalvador.com\/fr\/wp-json\/wp\/v2\/product_brand?post=886"},{"taxonomy":"product_cat","embeddable":true,"href":"https:\/\/galeriesalvador.com\/fr\/wp-json\/wp\/v2\/product_cat?post=886"},{"taxonomy":"product_tag","embeddable":true,"href":"https:\/\/galeriesalvador.com\/fr\/wp-json\/wp\/v2\/product_tag?post=886"}],"curies":[{"name":"wp","href":"https:\/\/api.w.org\/{rel}","templated":true}]}}