{"id":901,"date":"2024-03-21T14:25:03","date_gmt":"2024-03-21T13:25:03","guid":{"rendered":"https:\/\/galeriesalvador.com\/?post_type=product&#038;p=901"},"modified":"2024-06-18T13:04:40","modified_gmt":"2024-06-18T11:04:40","slug":"seen-psycho-mad-transit-2007","status":"publish","type":"product","link":"https:\/\/galeriesalvador.com\/fr\/produit\/seen-psycho-mad-transit-2007\/","title":{"rendered":"SEEN &#8211; \u201cPsycho Mad Transit\u201d 2007"},"content":{"rendered":"","protected":false},"excerpt":{"rendered":"<p>Technique mixte sur toile (acrylique, bombe a\u00e9rosol&#8230;)<br \/>\n127 x 86 cm environ (encadr\u00e9 : 132 x 91 cm environ) &#8211; Oeuvre unique<br \/>\n2007 &#8211; Sign\u00e9 dans l\u2019oeuvre + sign\u00e9 \/ dat\u00e9 dos (Oeuvre effectu\u00e9e au SEEN STUDIO SPAIN en 2007)<br \/>\nEncadr\u00e9 \u201ccaisse am\u00e9ricaine\u201d noir mat<\/p>\n<p>Livraison au choix : encadr\u00e9\/mont\u00e9 sur ch\u00e2ssis ou d\u00e9cadr\u00e9\/roul\u00e9 (merci de nous contacter selon vos pr\u00e9f\u00e9rences d\u2019exp\u00e9dition).<\/p>","protected":false},"featured_media":902,"template":"","meta":[],"product_brand":[],"product_cat":[130,107,70,73,74,75,77,72],"product_tag":[],"class_list":{"0":"post-901","1":"product","2":"type-product","3":"status-publish","4":"has-post-thumbnail","6":"product_cat-nyc-legends","7":"product_cat-seen","8":"product_cat-artists","9":"product_cat-artworks","10":"product_cat-contemporary-art","11":"product_cat-graffiti","12":"product_cat-urban","13":"product_cat-past-shows","15":"first","16":"instock","17":"sold-individually","18":"taxable","19":"shipping-taxable","20":"purchasable","21":"product-type-simple"},"_links":{"self":[{"href":"https:\/\/galeriesalvador.com\/fr\/wp-json\/wp\/v2\/product\/901","targetHints":{"allow":["GET"]}}],"collection":[{"href":"https:\/\/galeriesalvador.com\/fr\/wp-json\/wp\/v2\/product"}],"about":[{"href":"https:\/\/galeriesalvador.com\/fr\/wp-json\/wp\/v2\/types\/product"}],"wp:featuredmedia":[{"embeddable":true,"href":"https:\/\/galeriesalvador.com\/fr\/wp-json\/wp\/v2\/media\/902"}],"wp:attachment":[{"href":"https:\/\/galeriesalvador.com\/fr\/wp-json\/wp\/v2\/media?parent=901"}],"wp:term":[{"taxonomy":"product_brand","embeddable":true,"href":"https:\/\/galeriesalvador.com\/fr\/wp-json\/wp\/v2\/product_brand?post=901"},{"taxonomy":"product_cat","embeddable":true,"href":"https:\/\/galeriesalvador.com\/fr\/wp-json\/wp\/v2\/product_cat?post=901"},{"taxonomy":"product_tag","embeddable":true,"href":"https:\/\/galeriesalvador.com\/fr\/wp-json\/wp\/v2\/product_tag?post=901"}],"curies":[{"name":"wp","href":"https:\/\/api.w.org\/{rel}","templated":true}]}}